{"id":160,"date":"2025-06-28T01:17:03","date_gmt":"2025-06-28T04:17:03","guid":{"rendered":"https:\/\/zhitlovsky.org.uy\/?page_id=160"},"modified":"2026-02-12T13:48:59","modified_gmt":"2026-02-12T16:48:59","slug":"hacete-socio","status":"publish","type":"page","link":"https:\/\/zhitlovsky.org.uy\/index.php\/hacete-socio\/","title":{"rendered":"\u00a1Hacete socio!"},"content":{"rendered":"\r\n<div class=\"wp-block-columns is-layout-flex wp-container-core-columns-is-layout-28f84493 wp-block-columns-is-layout-flex\">\r\n<div class=\"wp-block-column is-layout-flow wp-block-column-is-layout-flow\" style=\"flex-basis: 33.33%;\">\r\n<figure class=\"wp-block-image size-full\"><img loading=\"lazy\" decoding=\"async\" class=\"wp-image-481 alignleft\" src=\"https:\/\/zhitlovsky.org.uy\/wp-content\/uploads\/2026\/02\/558085998_24396595636708787_4504946541743653401_n-300x200.jpg\" alt=\"\" width=\"340\" height=\"226\" srcset=\"https:\/\/zhitlovsky.org.uy\/wp-content\/uploads\/2026\/02\/558085998_24396595636708787_4504946541743653401_n-300x200.jpg 300w, https:\/\/zhitlovsky.org.uy\/wp-content\/uploads\/2026\/02\/558085998_24396595636708787_4504946541743653401_n-1024x682.jpg 1024w, https:\/\/zhitlovsky.org.uy\/wp-content\/uploads\/2026\/02\/558085998_24396595636708787_4504946541743653401_n-768x512.jpg 768w, https:\/\/zhitlovsky.org.uy\/wp-content\/uploads\/2026\/02\/558085998_24396595636708787_4504946541743653401_n-1536x1023.jpg 1536w, https:\/\/zhitlovsky.org.uy\/wp-content\/uploads\/2026\/02\/558085998_24396595636708787_4504946541743653401_n.jpg 1600w\" sizes=\"auto, (max-width: 340px) 100vw, 340px\" \/><img loading=\"lazy\" decoding=\"async\" class=\"wp-image-483 alignleft\" src=\"https:\/\/zhitlovsky.org.uy\/wp-content\/uploads\/2026\/02\/541638295_24114798718221815_4803936855180840115_n-300x225.jpg\" alt=\"\" width=\"340\" height=\"255\" srcset=\"https:\/\/zhitlovsky.org.uy\/wp-content\/uploads\/2026\/02\/541638295_24114798718221815_4803936855180840115_n-300x225.jpg 300w, https:\/\/zhitlovsky.org.uy\/wp-content\/uploads\/2026\/02\/541638295_24114798718221815_4803936855180840115_n-1024x768.jpg 1024w, https:\/\/zhitlovsky.org.uy\/wp-content\/uploads\/2026\/02\/541638295_24114798718221815_4803936855180840115_n-768x576.jpg 768w, https:\/\/zhitlovsky.org.uy\/wp-content\/uploads\/2026\/02\/541638295_24114798718221815_4803936855180840115_n-1536x1152.jpg 1536w, https:\/\/zhitlovsky.org.uy\/wp-content\/uploads\/2026\/02\/541638295_24114798718221815_4803936855180840115_n.jpg 2048w\" sizes=\"auto, (max-width: 340px) 100vw, 340px\" \/><\/figure>\r\n<figure><\/figure>\r\n<figure><\/figure>\r\n<figure class=\"wp-block-image size-full\"><img loading=\"lazy\" decoding=\"async\" class=\"wp-image-482 alignleft\" src=\"https:\/\/zhitlovsky.org.uy\/wp-content\/uploads\/2026\/02\/584617133_24794722053562808_8934082966198596197_n-300x169.jpg\" alt=\"\" width=\"340\" height=\"191\" srcset=\"https:\/\/zhitlovsky.org.uy\/wp-content\/uploads\/2026\/02\/584617133_24794722053562808_8934082966198596197_n-300x169.jpg 300w, https:\/\/zhitlovsky.org.uy\/wp-content\/uploads\/2026\/02\/584617133_24794722053562808_8934082966198596197_n-1024x576.jpg 1024w, https:\/\/zhitlovsky.org.uy\/wp-content\/uploads\/2026\/02\/584617133_24794722053562808_8934082966198596197_n-768x432.jpg 768w, https:\/\/zhitlovsky.org.uy\/wp-content\/uploads\/2026\/02\/584617133_24794722053562808_8934082966198596197_n-1536x864.jpg 1536w, https:\/\/zhitlovsky.org.uy\/wp-content\/uploads\/2026\/02\/584617133_24794722053562808_8934082966198596197_n.jpg 2048w\" sizes=\"auto, (max-width: 340px) 100vw, 340px\" \/><\/figure>\r\n\r\n\r\n\r\n\r\n<br \/>\r\n\r\n<\/div>\r\n\r\n\r\n\r\n<div class=\"wp-block-column is-layout-flow wp-block-column-is-layout-flow\" style=\"flex-basis: 66.66%;\">\r\n<p>Hacerse socio de la Asociaci\u00f3n Cultural Israelita Dr. Jaime Zhitlovsky ofrece la oportunidad de participar en una instituci\u00f3n que promueve la cultura judeo-progresista, el idioma yiddish, y la integraci\u00f3n a la sociedad uruguaya. La instituci\u00f3n se enfoca en la preservaci\u00f3n y desarrollo de la herencia cultural jud\u00eda, dentro de un marco humanista y con un fuerte compromiso con los derechos humanos.\u00a0<\/p>\r\n\r\n\r\n\r\n<p>Al ser socio, se puede:<\/p>\r\n\r\n\r\n\r\n<ul class=\"wp-block-list\">\r\n<li><strong>Participar en actividades culturales:<\/strong> Asistir a eventos, talleres, conferencias y otras actividades relacionadas con la cultura jud\u00eda, el yiddish y temas de inter\u00e9s general.\u00a0<\/li>\r\n<\/ul>\r\n\r\n\r\n\r\n<p><strong>Contribuir al desarrollo de la comunidad:<\/strong><\/p>\r\n\r\n\r\n\r\n<p>Formar parte de un espacio de encuentro y reflexi\u00f3n sobre temas relevantes para la comunidad jud\u00eda y la sociedad en general.\u00a0<\/p>\r\n\r\n\r\n\r\n<p><strong>Conocer y preservar el legado cultural:<\/strong><\/p>\r\n\r\n\r\n\r\n<p>Aprender sobre la historia, tradiciones y lengua yiddish, contribuyendo a su preservaci\u00f3n.\u00a0<\/p>\r\n\r\n\r\n\r\n<p><strong>Apoyar una visi\u00f3n humanista:<\/strong><\/p>\r\n\r\n\r\n\r\n<p>Contribuir a una instituci\u00f3n que promueve la paz, la justicia social y los derechos humanos.\u00a0<\/p>\r\n<\/div>\r\n<\/div>\r\n","protected":false},"excerpt":{"rendered":"<p>Hacerse socio de la Asociaci\u00f3n Cultural Israelita Dr. Jaime Zhitlovsky ofrece la oportunidad de participar en una instituci\u00f3n que promueve [&hellip;]<\/p>\n","protected":false},"author":2,"featured_media":0,"parent":0,"menu_order":0,"comment_status":"closed","ping_status":"closed","template":"","meta":{"_uag_custom_page_level_css":"","site-sidebar-layout":"default","site-content-layout":"","ast-site-content-layout":"default","site-content-style":"default","site-sidebar-style":"default","ast-global-header-display":"","ast-banner-title-visibility":"","ast-main-header-display":"","ast-hfb-above-header-display":"","ast-hfb-below-header-display":"","ast-hfb-mobile-header-display":"","site-post-title":"","ast-breadcrumbs-content":"","ast-featured-img":"","footer-sml-layout":"","ast-disable-related-posts":"","theme-transparent-header-meta":"default","adv-header-id-meta":"","stick-header-meta":"","header-above-stick-meta":"","header-main-stick-meta":"","header-below-stick-meta":"","astra-migrate-meta-layouts":"set","ast-page-background-enabled":"default","ast-page-background-meta":{"desktop":{"background-color":"var(--ast-global-color-5)","background-image":"","background-repeat":"repeat","background-position":"center center","background-size":"auto","background-attachment":"scroll","background-type":"","background-media":"","overlay-type":"","overlay-color":"","overlay-opacity":"","overlay-gradient":""},"tablet":{"background-color":"","background-image":"","background-repeat":"repeat","background-position":"center center","background-size":"auto","background-attachment":"scroll","background-type":"","background-media":"","overlay-type":"","overlay-color":"","overlay-opacity":"","overlay-gradient":""},"mobile":{"background-color":"","background-image":"","background-repeat":"repeat","background-position":"center center","background-size":"auto","background-attachment":"scroll","background-type":"","background-media":"","overlay-type":"","overlay-color":"","overlay-opacity":"","overlay-gradient":""}},"ast-content-background-meta":{"desktop":{"background-color":"var(--ast-global-color-4)","background-image":"","background-repeat":"repeat","background-position":"center center","background-size":"auto","background-attachment":"scroll","background-type":"","background-media":"","overlay-type":"","overlay-color":"","overlay-opacity":"","overlay-gradient":""},"tablet":{"background-color":"var(--ast-global-color-4)","background-image":"","background-repeat":"repeat","background-position":"center center","background-size":"auto","background-attachment":"scroll","background-type":"","background-media":"","overlay-type":"","overlay-color":"","overlay-opacity":"","overlay-gradient":""},"mobile":{"background-color":"var(--ast-global-color-4)","background-image":"","background-repeat":"repeat","background-position":"center center","background-size":"auto","background-attachment":"scroll","background-type":"","background-media":"","overlay-type":"","overlay-color":"","overlay-opacity":"","overlay-gradient":""}},"footnotes":""},"class_list":["post-160","page","type-page","status-publish","hentry"],"uagb_featured_image_src":{"full":false,"thumbnail":false,"medium":false,"medium_large":false,"large":false,"1536x1536":false,"2048x2048":false},"uagb_author_info":{"display_name":"Gonzalo","author_link":"https:\/\/zhitlovsky.org.uy\/index.php\/author\/gonzalo\/"},"uagb_comment_info":0,"uagb_excerpt":"Hacerse socio de la Asociaci\u00f3n Cultural Israelita Dr. Jaime Zhitlovsky ofrece la oportunidad de participar en una instituci\u00f3n que promueve [&hellip;]","_links":{"self":[{"href":"https:\/\/zhitlovsky.org.uy\/index.php\/wp-json\/wp\/v2\/pages\/160","targetHints":{"allow":["GET"]}}],"collection":[{"href":"https:\/\/zhitlovsky.org.uy\/index.php\/wp-json\/wp\/v2\/pages"}],"about":[{"href":"https:\/\/zhitlovsky.org.uy\/index.php\/wp-json\/wp\/v2\/types\/page"}],"author":[{"embeddable":true,"href":"https:\/\/zhitlovsky.org.uy\/index.php\/wp-json\/wp\/v2\/users\/2"}],"replies":[{"embeddable":true,"href":"https:\/\/zhitlovsky.org.uy\/index.php\/wp-json\/wp\/v2\/comments?post=160"}],"version-history":[{"count":10,"href":"https:\/\/zhitlovsky.org.uy\/index.php\/wp-json\/wp\/v2\/pages\/160\/revisions"}],"predecessor-version":[{"id":491,"href":"https:\/\/zhitlovsky.org.uy\/index.php\/wp-json\/wp\/v2\/pages\/160\/revisions\/491"}],"wp:attachment":[{"href":"https:\/\/zhitlovsky.org.uy\/index.php\/wp-json\/wp\/v2\/media?parent=160"}],"curies":[{"name":"wp","href":"https:\/\/api.w.org\/{rel}","templated":true}]}}