{"id":164,"date":"2025-06-28T01:28:27","date_gmt":"2025-06-28T04:28:27","guid":{"rendered":"https:\/\/zhitlovsky.org.uy\/?page_id=164"},"modified":"2026-02-12T12:24:26","modified_gmt":"2026-02-12T15:24:26","slug":"talleres","status":"publish","type":"page","link":"https:\/\/zhitlovsky.org.uy\/index.php\/talleres\/","title":{"rendered":"Talleres"},"content":{"rendered":"\n<div class=\"wp-block-uagb-image uagb-block-572799a9 wp-block-uagb-image--layout-default wp-block-uagb-image--effect-static wp-block-uagb-image--align-none\"><figure class=\"wp-block-uagb-image__figure\"><img decoding=\"async\" srcset=\"https:\/\/zhitlovsky.org.uy\/wp-content\/uploads\/2025\/06\/Coro-75-1024x460.jpeg ,https:\/\/zhitlovsky.org.uy\/wp-content\/uploads\/2025\/06\/Coro-75.jpeg 780w, https:\/\/zhitlovsky.org.uy\/wp-content\/uploads\/2025\/06\/Coro-75.jpeg 360w\" sizes=\"auto, (max-width: 480px) 150px\" src=\"https:\/\/zhitlovsky.org.uy\/wp-content\/uploads\/2025\/06\/Coro-75-1024x460.jpeg\" alt=\"\" class=\"uag-image-406\" width=\"1024\" height=\"460\" title=\"Coro 75\" loading=\"lazy\" role=\"img\"\/><\/figure><\/div>\n\n\n\n<p class=\"has-text-align-center has-ast-global-color-1-color has-text-color has-link-color wp-elements-6ba87a3e3af184c72dcac7b8130eb3c0\"><strong><a href=\"https:\/\/zhitlovsky.org.uy\/index.php\/2025\/06\/28\/taller-coro-acizcantamos\/\" data-type=\"link\" data-id=\"https:\/\/zhitlovsky.org.uy\/index.php\/2025\/06\/28\/taller-coro-acizcantamos\/\">CORO ACIZ CANTAMOS<\/a><br>&nbsp;<\/strong><\/p>\n\n\n\n<p class=\"has-text-align-center has-ast-global-color-1-color has-text-color has-link-color wp-elements-15687f5d68585557cda65e4f3d24ee2e\"><strong>TALLERES DE RIKUDIM<\/strong> &#8211; Danza<\/p>\n\n\n\n<blockquote class=\"wp-block-quote is-layout-flow wp-block-quote-is-layout-flow\">\n<p>&nbsp;<\/p>\n\n\n\n<figure class=\"wp-block-gallery has-nested-images columns-default is-cropped wp-block-gallery-1 is-layout-flex wp-block-gallery-is-layout-flex\">\n<figure class=\"wp-block-image size-large\"><img loading=\"lazy\" decoding=\"async\" width=\"1024\" height=\"404\" data-id=\"434\" src=\"https:\/\/zhitlovsky.org.uy\/wp-content\/uploads\/2026\/02\/566229691_24535479026153780_8515590970066497124_n-1024x404.jpg\" alt=\"\" class=\"wp-image-434\" srcset=\"https:\/\/zhitlovsky.org.uy\/wp-content\/uploads\/2026\/02\/566229691_24535479026153780_8515590970066497124_n-1024x404.jpg 1024w, https:\/\/zhitlovsky.org.uy\/wp-content\/uploads\/2026\/02\/566229691_24535479026153780_8515590970066497124_n-300x118.jpg 300w, https:\/\/zhitlovsky.org.uy\/wp-content\/uploads\/2026\/02\/566229691_24535479026153780_8515590970066497124_n-768x303.jpg 768w, https:\/\/zhitlovsky.org.uy\/wp-content\/uploads\/2026\/02\/566229691_24535479026153780_8515590970066497124_n-1536x607.jpg 1536w, https:\/\/zhitlovsky.org.uy\/wp-content\/uploads\/2026\/02\/566229691_24535479026153780_8515590970066497124_n.jpg 1679w\" sizes=\"auto, (max-width: 1024px) 100vw, 1024px\" \/><\/figure>\n\n\n\n<figure class=\"wp-block-image size-large\"><img loading=\"lazy\" decoding=\"async\" width=\"1024\" height=\"576\" data-id=\"435\" src=\"https:\/\/zhitlovsky.org.uy\/wp-content\/uploads\/2026\/02\/569304521_24535479196153763_5355796513524051501_n-1-1024x576.jpg\" alt=\"\" class=\"wp-image-435\" srcset=\"https:\/\/zhitlovsky.org.uy\/wp-content\/uploads\/2026\/02\/569304521_24535479196153763_5355796513524051501_n-1-1024x576.jpg 1024w, https:\/\/zhitlovsky.org.uy\/wp-content\/uploads\/2026\/02\/569304521_24535479196153763_5355796513524051501_n-1-300x169.jpg 300w, https:\/\/zhitlovsky.org.uy\/wp-content\/uploads\/2026\/02\/569304521_24535479196153763_5355796513524051501_n-1-768x432.jpg 768w, https:\/\/zhitlovsky.org.uy\/wp-content\/uploads\/2026\/02\/569304521_24535479196153763_5355796513524051501_n-1-1536x864.jpg 1536w, https:\/\/zhitlovsky.org.uy\/wp-content\/uploads\/2026\/02\/569304521_24535479196153763_5355796513524051501_n-1.jpg 2048w\" sizes=\"auto, (max-width: 1024px) 100vw, 1024px\" \/><\/figure>\n<\/figure>\n<\/blockquote>\n\n\n\n<p>&nbsp;Para ni\u00f1as\/ni\u00f1os y adolescentes.<\/p>\n\n\n\n<p>\u00a0_______________________________________________________________________________________________________<\/p>\n\n\n\n<p><strong>TALLER DE TEATRO<\/strong><\/p>\n\n\n\n<p>Anotarse en secretaria para 2026 &#8211; Taller en Formaci\u00f3n<\/p>\n\n\n\n<p>_______________________________________________________________________________________________________<\/p>\n\n\n\n<div class=\"wp-block-uagb-container uagb-block-a040b5fa alignfull uagb-is-root-container\"><div class=\"uagb-container-inner-blocks-wrap\"><\/div><\/div>\n\n\n\n<p class=\"has-large-font-size\">Espacios l\u00fadicos y recreativos.<\/p>\n\n\n\n<p>Kinder: para ni\u00f1os y ni\u00f1as de 3 a 12 a\u00f1os. <\/p>\n\n\n\n<p>Kdts: para adolescentes de 12 a 18 a\u00f1os. <\/p>\n\n\n\n<figure class=\"wp-block-image size-large\"><img loading=\"lazy\" decoding=\"async\" width=\"1024\" height=\"427\" src=\"https:\/\/zhitlovsky.org.uy\/wp-content\/uploads\/2025\/10\/RIKUDIM-1-1024x427.png\" alt=\"\" class=\"wp-image-332\" srcset=\"https:\/\/zhitlovsky.org.uy\/wp-content\/uploads\/2025\/10\/RIKUDIM-1-1024x427.png 1024w, https:\/\/zhitlovsky.org.uy\/wp-content\/uploads\/2025\/10\/RIKUDIM-1-300x125.png 300w, https:\/\/zhitlovsky.org.uy\/wp-content\/uploads\/2025\/10\/RIKUDIM-1-768x320.png 768w, https:\/\/zhitlovsky.org.uy\/wp-content\/uploads\/2025\/10\/RIKUDIM-1-1536x640.png 1536w, https:\/\/zhitlovsky.org.uy\/wp-content\/uploads\/2025\/10\/RIKUDIM-1.png 1920w\" sizes=\"auto, (max-width: 1024px) 100vw, 1024px\" \/><\/figure>\n","protected":false},"excerpt":{"rendered":"<p>CORO ACIZ CANTAMOS&nbsp; TALLERES DE RIKUDIM &#8211; Danza &nbsp;Para ni\u00f1as\/ni\u00f1os y adolescentes. \u00a0_______________________________________________________________________________________________________ TALLER DE TEATRO Anotarse en secretaria para [&hellip;]<\/p>\n","protected":false},"author":2,"featured_media":406,"parent":0,"menu_order":0,"comment_status":"closed","ping_status":"closed","template":"","meta":{"_uag_custom_page_level_css":"","site-sidebar-layout":"default","site-content-layout":"","ast-site-content-layout":"default","site-content-style":"default","site-sidebar-style":"default","ast-global-header-display":"","ast-banner-title-visibility":"","ast-main-header-display":"","ast-hfb-above-header-display":"","ast-hfb-below-header-display":"","ast-hfb-mobile-header-display":"","site-post-title":"","ast-breadcrumbs-content":"","ast-featured-img":"disabled","footer-sml-layout":"","ast-disable-related-posts":"","theme-transparent-header-meta":"default","adv-header-id-meta":"","stick-header-meta":"","header-above-stick-meta":"","header-main-stick-meta":"","header-below-stick-meta":"","astra-migrate-meta-layouts":"set","ast-page-background-enabled":"default","ast-page-background-meta":{"desktop":{"background-color":"var(--ast-global-color-5)","background-image":"","background-repeat":"repeat","background-position":"center center","background-size":"auto","background-attachment":"scroll","background-type":"","background-media":"","overlay-type":"","overlay-color":"","overlay-opacity":"","overlay-gradient":""},"tablet":{"background-color":"","background-image":"","background-repeat":"repeat","background-position":"center center","background-size":"auto","background-attachment":"scroll","background-type":"","background-media":"","overlay-type":"","overlay-color":"","overlay-opacity":"","overlay-gradient":""},"mobile":{"background-color":"","background-image":"","background-repeat":"repeat","background-position":"center center","background-size":"auto","background-attachment":"scroll","background-type":"","background-media":"","overlay-type":"","overlay-color":"","overlay-opacity":"","overlay-gradient":""}},"ast-content-background-meta":{"desktop":{"background-color":"var(--ast-global-color-4)","background-image":"","background-repeat":"repeat","background-position":"center center","background-size":"auto","background-attachment":"scroll","background-type":"","background-media":"","overlay-type":"","overlay-color":"","overlay-opacity":"","overlay-gradient":""},"tablet":{"background-color":"var(--ast-global-color-4)","background-image":"","background-repeat":"repeat","background-position":"center center","background-size":"auto","background-attachment":"scroll","background-type":"","background-media":"","overlay-type":"","overlay-color":"","overlay-opacity":"","overlay-gradient":""},"mobile":{"background-color":"var(--ast-global-color-4)","background-image":"","background-repeat":"repeat","background-position":"center center","background-size":"auto","background-attachment":"scroll","background-type":"","background-media":"","overlay-type":"","overlay-color":"","overlay-opacity":"","overlay-gradient":""}},"footnotes":""},"class_list":["post-164","page","type-page","status-publish","has-post-thumbnail","hentry"],"uagb_featured_image_src":{"full":["https:\/\/zhitlovsky.org.uy\/wp-content\/uploads\/2025\/06\/Coro-75.jpeg",1600,719,false],"thumbnail":["https:\/\/zhitlovsky.org.uy\/wp-content\/uploads\/2025\/06\/Coro-75-150x150.jpeg",150,150,true],"medium":["https:\/\/zhitlovsky.org.uy\/wp-content\/uploads\/2025\/06\/Coro-75-300x135.jpeg",300,135,true],"medium_large":["https:\/\/zhitlovsky.org.uy\/wp-content\/uploads\/2025\/06\/Coro-75-768x345.jpeg",768,345,true],"large":["https:\/\/zhitlovsky.org.uy\/wp-content\/uploads\/2025\/06\/Coro-75-1024x460.jpeg",1024,460,true],"1536x1536":["https:\/\/zhitlovsky.org.uy\/wp-content\/uploads\/2025\/06\/Coro-75-1536x690.jpeg",1536,690,true],"2048x2048":["https:\/\/zhitlovsky.org.uy\/wp-content\/uploads\/2025\/06\/Coro-75.jpeg",1600,719,false]},"uagb_author_info":{"display_name":"Gonzalo","author_link":"https:\/\/zhitlovsky.org.uy\/index.php\/author\/gonzalo\/"},"uagb_comment_info":0,"uagb_excerpt":"CORO ACIZ CANTAMOS&nbsp; TALLERES DE RIKUDIM &#8211; Danza &nbsp;Para ni\u00f1as\/ni\u00f1os y adolescentes. \u00a0_______________________________________________________________________________________________________ TALLER DE TEATRO Anotarse en secretaria para [&hellip;]","_links":{"self":[{"href":"https:\/\/zhitlovsky.org.uy\/index.php\/wp-json\/wp\/v2\/pages\/164","targetHints":{"allow":["GET"]}}],"collection":[{"href":"https:\/\/zhitlovsky.org.uy\/index.php\/wp-json\/wp\/v2\/pages"}],"about":[{"href":"https:\/\/zhitlovsky.org.uy\/index.php\/wp-json\/wp\/v2\/types\/page"}],"author":[{"embeddable":true,"href":"https:\/\/zhitlovsky.org.uy\/index.php\/wp-json\/wp\/v2\/users\/2"}],"replies":[{"embeddable":true,"href":"https:\/\/zhitlovsky.org.uy\/index.php\/wp-json\/wp\/v2\/comments?post=164"}],"version-history":[{"count":22,"href":"https:\/\/zhitlovsky.org.uy\/index.php\/wp-json\/wp\/v2\/pages\/164\/revisions"}],"predecessor-version":[{"id":477,"href":"https:\/\/zhitlovsky.org.uy\/index.php\/wp-json\/wp\/v2\/pages\/164\/revisions\/477"}],"wp:featuredmedia":[{"embeddable":true,"href":"https:\/\/zhitlovsky.org.uy\/index.php\/wp-json\/wp\/v2\/media\/406"}],"wp:attachment":[{"href":"https:\/\/zhitlovsky.org.uy\/index.php\/wp-json\/wp\/v2\/media?parent=164"}],"curies":[{"name":"wp","href":"https:\/\/api.w.org\/{rel}","templated":true}]}}