{"id":20,"date":"2025-06-19T23:12:48","date_gmt":"2025-06-19T23:12:48","guid":{"rendered":"https:\/\/zhitlovsky.org.uy\/?page_id=20"},"modified":"2025-10-22T16:28:28","modified_gmt":"2025-10-22T19:28:28","slug":"inicio","status":"publish","type":"page","link":"https:\/\/zhitlovsky.org.uy\/","title":{"rendered":"Inicio"},"content":{"rendered":"<div class=\"n2_ss_slider_publish__option_code\" dir=\"ltr\" data-mode=\"id\"><\/div>\n\n\n<div class=\"wp-block-uagb-container uagb-layout-flex uagb-block-2a070c26 alignfull uagb-is-root-container\"><div class=\"uagb-container-inner-blocks-wrap\">\n<div class=\"wp-block-uagb-container uagb-block-221d5e15\">\n<div class=\"wp-block-uagb-image uagb-block-5ad1466b wp-block-uagb-image--layout-default wp-block-uagb-image--effect-static wp-block-uagb-image--align-none\"><figure class=\"wp-block-uagb-image__figure\"><img decoding=\"async\" srcset=\"https:\/\/zhitlovsky.org.uy\/wp-content\/uploads\/2025\/10\/Artboard-1@4x-1024x1024.png ,https:\/\/zhitlovsky.org.uy\/wp-content\/uploads\/2025\/10\/Artboard-1@4x.png 780w, https:\/\/zhitlovsky.org.uy\/wp-content\/uploads\/2025\/10\/Artboard-1@4x.png 360w\" sizes=\"auto, (max-width: 480px) 150px\" src=\"https:\/\/zhitlovsky.org.uy\/wp-content\/uploads\/2025\/10\/Artboard-1@4x-1024x1024.png\" alt=\"\" class=\"uag-image-315\" width=\"80\" height=\"80\" title=\"Artboard 1@4x\" loading=\"lazy\" role=\"img\"\/><\/figure><\/div>\n\n\n\n<div class=\"wp-block-uagb-call-to-action uagb-block-8c3c5823\"><div class=\"uagb-cta__wrap\"><h4 class=\"uagb-cta__title\">Actividades culturales<\/h4><p class=\"uagb-cta__desc\">Coro, Rikudim, Teatro<\/p><\/div><div class=\"uagb-cta__buttons\"><\/div><\/div>\n<\/div>\n\n\n\n<div class=\"wp-block-uagb-container uagb-block-d8ca0665\">\n<div class=\"wp-block-uagb-image aligncenter uagb-block-a6419080 wp-block-uagb-image--layout-default wp-block-uagb-image--effect-static wp-block-uagb-image--align-center\"><figure class=\"wp-block-uagb-image__figure\"><img decoding=\"async\" srcset=\"https:\/\/zhitlovsky.org.uy\/wp-content\/uploads\/2025\/10\/social@4x-1024x1024.png ,https:\/\/zhitlovsky.org.uy\/wp-content\/uploads\/2025\/10\/social@4x.png 780w, https:\/\/zhitlovsky.org.uy\/wp-content\/uploads\/2025\/10\/social@4x.png 360w\" sizes=\"auto, (max-width: 480px) 150px\" src=\"https:\/\/zhitlovsky.org.uy\/wp-content\/uploads\/2025\/10\/social@4x-1024x1024.png\" alt=\"\" class=\"uag-image-317\" width=\"80\" height=\"80\" title=\"social@4x\" loading=\"lazy\" role=\"img\"\/><\/figure><\/div>\n\n\n\n<div class=\"wp-block-uagb-call-to-action uagb-block-7fbc2726\"><div class=\"uagb-cta__wrap\"><h4 class=\"uagb-cta__title\">Actividades sociales<\/h4><p class=\"uagb-cta__desc\">Kinder y KDT&#8217;S<\/p><\/div><div class=\"uagb-cta__buttons\"><\/div><\/div>\n<\/div>\n\n\n\n<div class=\"wp-block-uagb-container uagb-block-80eb9d02\">\n<div class=\"wp-block-uagb-image aligncenter uagb-block-d8b9f1ab wp-block-uagb-image--layout-default wp-block-uagb-image--effect-static wp-block-uagb-image--align-center\"><figure class=\"wp-block-uagb-image__figure\"><img decoding=\"async\" srcset=\"https:\/\/zhitlovsky.org.uy\/wp-content\/uploads\/2025\/10\/teatro@4x-1024x1024.png ,https:\/\/zhitlovsky.org.uy\/wp-content\/uploads\/2025\/10\/teatro@4x.png 780w, https:\/\/zhitlovsky.org.uy\/wp-content\/uploads\/2025\/10\/teatro@4x.png 360w\" sizes=\"auto, (max-width: 480px) 150px\" src=\"https:\/\/zhitlovsky.org.uy\/wp-content\/uploads\/2025\/10\/teatro@4x-1024x1024.png\" alt=\"\" class=\"uag-image-318\" width=\"80\" height=\"80\" title=\"teatro@4x\" loading=\"lazy\" role=\"img\"\/><\/figure><\/div>\n\n\n\n<div class=\"wp-block-uagb-call-to-action uagb-block-b62e141c\"><div class=\"uagb-cta__wrap\"><h4 class=\"uagb-cta__title\">Teatro Astral<\/h4><p class=\"uagb-cta__desc\">Conoce nuestra sala<\/p><\/div><div class=\"uagb-cta__buttons\"><\/div><\/div>\n<\/div>\n\n\n\n<div class=\"wp-block-uagb-container uagb-block-da7abef7\">\n<div class=\"wp-block-uagb-image aligncenter uagb-block-7d0a4996 wp-block-uagb-image--layout-default wp-block-uagb-image--effect-static wp-block-uagb-image--align-center\"><figure class=\"wp-block-uagb-image__figure\"><img decoding=\"async\" srcset=\"https:\/\/zhitlovsky.org.uy\/wp-content\/uploads\/2025\/10\/news@4x-1024x1024.png ,https:\/\/zhitlovsky.org.uy\/wp-content\/uploads\/2025\/10\/news@4x.png 780w, https:\/\/zhitlovsky.org.uy\/wp-content\/uploads\/2025\/10\/news@4x.png 360w\" sizes=\"auto, (max-width: 480px) 150px\" src=\"https:\/\/zhitlovsky.org.uy\/wp-content\/uploads\/2025\/10\/news@4x-1024x1024.png\" alt=\"\" class=\"uag-image-316\" width=\"80\" height=\"80\" title=\"news@4x\" loading=\"lazy\" role=\"img\"\/><\/figure><\/div>\n\n\n\n<div class=\"wp-block-uagb-call-to-action uagb-block-3e74460e\"><div class=\"uagb-cta__wrap\"><h4 class=\"uagb-cta__title\">Novedades<\/h4><p class=\"uagb-cta__desc\">Lo nuevo de nuestra instituci\u00f3n<\/p><\/div><div class=\"uagb-cta__buttons\"><\/div><\/div>\n<\/div>\n<\/div><\/div>\n\n\n\n<div class=\"wp-block-uagb-container uagb-block-39e5869b alignfull uagb-is-root-container\"><div class=\"uagb-container-inner-blocks-wrap\"><ul class=\"wp-block-latest-posts__list is-grid columns-3 wp-block-latest-posts\"><li><div class=\"wp-block-latest-posts__featured-image aligncenter\"><img loading=\"lazy\" decoding=\"async\" width=\"640\" height=\"946\" src=\"https:\/\/zhitlovsky.org.uy\/wp-content\/uploads\/2025\/07\/AMIA2025.jpg\" class=\"attachment-large size-large wp-post-image\" alt=\"\" style=\"\" srcset=\"https:\/\/zhitlovsky.org.uy\/wp-content\/uploads\/2025\/07\/AMIA2025.jpg 640w, https:\/\/zhitlovsky.org.uy\/wp-content\/uploads\/2025\/07\/AMIA2025-203x300.jpg 203w\" sizes=\"auto, (max-width: 640px) 100vw, 640px\" \/><\/div><a class=\"wp-block-latest-posts__post-title\" href=\"https:\/\/zhitlovsky.org.uy\/index.php\/2025\/07\/17\/amia-1994-2025\/\">AMIA 1994-2025<\/a><div class=\"wp-block-latest-posts__post-excerpt\">A 31 a\u00f1os del brutal atentado a la AMIA en Bs. As. nuestra Instituci\u00f3n se suma y comparte el comunicado del ICUF ArgentinoCD ACI Zhitlovsky 2025 ATENTADO TERRORISTA A LA&#8230; <a class=\"wp-block-latest-posts__read-more\" href=\"https:\/\/zhitlovsky.org.uy\/index.php\/2025\/07\/17\/amia-1994-2025\/\" rel=\"noopener noreferrer\">Lee m\u00e1s<span class=\"screen-reader-text\">: AMIA 1994-2025<\/span><\/a><\/div><\/li>\n<li><a class=\"wp-block-latest-posts__post-title\" href=\"https:\/\/zhitlovsky.org.uy\/index.php\/2025\/06\/28\/marcha-del-silencio\/\">Marcha del Silencio<\/a><div class=\"wp-block-latest-posts__post-excerpt\"><\/div><\/li>\n<li><div class=\"wp-block-latest-posts__featured-image aligncenter\"><img loading=\"lazy\" decoding=\"async\" width=\"972\" height=\"729\" src=\"https:\/\/zhitlovsky.org.uy\/wp-content\/uploads\/2025\/06\/103793039_10158367030271358_7223689416974132466_n.jpg\" class=\"attachment-large size-large wp-post-image\" alt=\"\" style=\"\" srcset=\"https:\/\/zhitlovsky.org.uy\/wp-content\/uploads\/2025\/06\/103793039_10158367030271358_7223689416974132466_n.jpg 972w, https:\/\/zhitlovsky.org.uy\/wp-content\/uploads\/2025\/06\/103793039_10158367030271358_7223689416974132466_n-300x225.jpg 300w, https:\/\/zhitlovsky.org.uy\/wp-content\/uploads\/2025\/06\/103793039_10158367030271358_7223689416974132466_n-768x576.jpg 768w\" sizes=\"auto, (max-width: 972px) 100vw, 972px\" \/><\/div><a class=\"wp-block-latest-posts__post-title\" href=\"https:\/\/zhitlovsky.org.uy\/index.php\/2025\/06\/28\/acto-en-homenaje-al-aniversario-del-gueto-de-varsovia\/\">Acto en homenaje al aniversario del Gueto de Varsovia<\/a><div class=\"wp-block-latest-posts__post-excerpt\">El gueto de Varsovia (Getto warszawskie, en polaco; Warschauer Ghetto, en alem\u00e1n) fue el mayor gueto jud\u00edo establecido en Europa por la Alemania nazi durante el Holocausto, en el contexto&#8230; <a class=\"wp-block-latest-posts__read-more\" href=\"https:\/\/zhitlovsky.org.uy\/index.php\/2025\/06\/28\/acto-en-homenaje-al-aniversario-del-gueto-de-varsovia\/\" rel=\"noopener noreferrer\">Lee m\u00e1s<span class=\"screen-reader-text\">: Acto en homenaje al aniversario del Gueto de Varsovia<\/span><\/a><\/div><\/li>\n<li><div class=\"wp-block-latest-posts__featured-image aligncenter\"><img loading=\"lazy\" decoding=\"async\" width=\"1024\" height=\"576\" src=\"https:\/\/zhitlovsky.org.uy\/wp-content\/uploads\/2025\/06\/583774707_24794811960220484_3261536623723206423_n-1024x576.jpg\" class=\"attachment-large size-large wp-post-image\" alt=\"\" style=\"\" srcset=\"https:\/\/zhitlovsky.org.uy\/wp-content\/uploads\/2025\/06\/583774707_24794811960220484_3261536623723206423_n-1024x576.jpg 1024w, https:\/\/zhitlovsky.org.uy\/wp-content\/uploads\/2025\/06\/583774707_24794811960220484_3261536623723206423_n-300x169.jpg 300w, https:\/\/zhitlovsky.org.uy\/wp-content\/uploads\/2025\/06\/583774707_24794811960220484_3261536623723206423_n-768x432.jpg 768w, https:\/\/zhitlovsky.org.uy\/wp-content\/uploads\/2025\/06\/583774707_24794811960220484_3261536623723206423_n-1536x864.jpg 1536w, https:\/\/zhitlovsky.org.uy\/wp-content\/uploads\/2025\/06\/583774707_24794811960220484_3261536623723206423_n.jpg 2048w\" sizes=\"auto, (max-width: 1024px) 100vw, 1024px\" \/><\/div><a class=\"wp-block-latest-posts__post-title\" href=\"https:\/\/zhitlovsky.org.uy\/index.php\/2025\/06\/28\/taller-coro-acizcantamos\/\">Coro ACIZ Cantamos<\/a><div class=\"wp-block-latest-posts__post-excerpt\">Coro Institucional<\/div><\/li>\n<li><div class=\"wp-block-latest-posts__featured-image aligncenter\"><img loading=\"lazy\" decoding=\"async\" width=\"1024\" height=\"509\" src=\"https:\/\/zhitlovsky.org.uy\/wp-content\/uploads\/2025\/06\/565897517_24535480196153663_1948313672898456199_n-1024x509.jpg\" class=\"attachment-large size-large wp-post-image\" alt=\"\" style=\"\" srcset=\"https:\/\/zhitlovsky.org.uy\/wp-content\/uploads\/2025\/06\/565897517_24535480196153663_1948313672898456199_n-1024x509.jpg 1024w, https:\/\/zhitlovsky.org.uy\/wp-content\/uploads\/2025\/06\/565897517_24535480196153663_1948313672898456199_n-300x149.jpg 300w, https:\/\/zhitlovsky.org.uy\/wp-content\/uploads\/2025\/06\/565897517_24535480196153663_1948313672898456199_n-768x381.jpg 768w, https:\/\/zhitlovsky.org.uy\/wp-content\/uploads\/2025\/06\/565897517_24535480196153663_1948313672898456199_n-1536x763.jpg 1536w, https:\/\/zhitlovsky.org.uy\/wp-content\/uploads\/2025\/06\/565897517_24535480196153663_1948313672898456199_n.jpg 2048w\" sizes=\"auto, (max-width: 1024px) 100vw, 1024px\" \/><\/div><a class=\"wp-block-latest-posts__post-title\" href=\"https:\/\/zhitlovsky.org.uy\/index.php\/2025\/06\/28\/taller-de-xxx\/\">Taller de Rikudim &#8211; Danza<\/a><div class=\"wp-block-latest-posts__post-excerpt\">Para ni\u00f1as\/ni\u00f1os y adolescentes<\/div><\/li>\n<li><div class=\"wp-block-latest-posts__featured-image aligncenter\"><img loading=\"lazy\" decoding=\"async\" width=\"1024\" height=\"768\" src=\"https:\/\/zhitlovsky.org.uy\/wp-content\/uploads\/2025\/06\/603848750_25074059662295711_1619042684939565839_n-1-1024x768.jpg\" class=\"attachment-large size-large wp-post-image\" alt=\"\" style=\"\" srcset=\"https:\/\/zhitlovsky.org.uy\/wp-content\/uploads\/2025\/06\/603848750_25074059662295711_1619042684939565839_n-1-1024x768.jpg 1024w, https:\/\/zhitlovsky.org.uy\/wp-content\/uploads\/2025\/06\/603848750_25074059662295711_1619042684939565839_n-1-300x225.jpg 300w, https:\/\/zhitlovsky.org.uy\/wp-content\/uploads\/2025\/06\/603848750_25074059662295711_1619042684939565839_n-1-768x576.jpg 768w, https:\/\/zhitlovsky.org.uy\/wp-content\/uploads\/2025\/06\/603848750_25074059662295711_1619042684939565839_n-1-1536x1152.jpg 1536w, https:\/\/zhitlovsky.org.uy\/wp-content\/uploads\/2025\/06\/603848750_25074059662295711_1619042684939565839_n-1.jpg 1600w\" sizes=\"auto, (max-width: 1024px) 100vw, 1024px\" \/><\/div><a class=\"wp-block-latest-posts__post-title\" href=\"https:\/\/zhitlovsky.org.uy\/index.php\/2025\/06\/19\/hamlet\/\">Kinder<\/a><div class=\"wp-block-latest-posts__post-excerpt\">Espacio educativo y recreativo para ni\u00f1os y ni\u00f1as a partir de tres a\u00f1os. S\u00e1bado a s\u00e1bado te invitamos a jugar, expresarte y descubrir a trav\u00e9s de actividades l\u00fadicas, art\u00edsticas, salidas&#8230; <a class=\"wp-block-latest-posts__read-more\" href=\"https:\/\/zhitlovsky.org.uy\/index.php\/2025\/06\/19\/hamlet\/\" rel=\"noopener noreferrer\">Lee m\u00e1s<span class=\"screen-reader-text\">: Kinder<\/span><\/a><\/div><\/li>\n<\/ul><\/div><\/div>\n\n\n\n<p><\/p>\n","protected":false},"excerpt":{"rendered":"","protected":false},"author":2,"featured_media":0,"parent":0,"menu_order":0,"comment_status":"closed","ping_status":"closed","template":"","meta":{"_uag_custom_page_level_css":"","site-sidebar-layout":"right-sidebar","site-content-layout":"","ast-site-content-layout":"full-width-container","site-content-style":"unboxed","site-sidebar-style":"boxed","ast-global-header-display":"","ast-banner-title-visibility":"","ast-main-header-display":"","ast-hfb-above-header-display":"","ast-hfb-below-header-display":"","ast-hfb-mobile-header-display":"","site-post-title":"","ast-breadcrumbs-content":"","ast-featured-img":"","footer-sml-layout":"","ast-disable-related-posts":"","theme-transparent-header-meta":"enabled","adv-header-id-meta":"","stick-header-meta":"","header-above-stick-meta":"","header-main-stick-meta":"","header-below-stick-meta":"","astra-migrate-meta-layouts":"set","ast-page-background-enabled":"default","ast-page-background-meta":{"desktop":{"background-color":"var(--ast-global-color-5)","background-image":"","background-repeat":"repeat","background-position":"center center","background-size":"auto","background-attachment":"scroll","background-type":"","background-media":"","overlay-type":"","overlay-color":"","overlay-opacity":"","overlay-gradient":""},"tablet":{"background-color":"","background-image":"","background-repeat":"repeat","background-position":"center center","background-size":"auto","background-attachment":"scroll","background-type":"","background-media":"","overlay-type":"","overlay-color":"","overlay-opacity":"","overlay-gradient":""},"mobile":{"background-color":"","background-image":"","background-repeat":"repeat","background-position":"center center","background-size":"auto","background-attachment":"scroll","background-type":"","background-media":"","overlay-type":"","overlay-color":"","overlay-opacity":"","overlay-gradient":""}},"ast-content-background-meta":{"desktop":{"background-color":"var(--ast-global-color-4)","background-image":"","background-repeat":"repeat","background-position":"center center","background-size":"auto","background-attachment":"scroll","background-type":"","background-media":"","overlay-type":"","overlay-color":"","overlay-opacity":"","overlay-gradient":""},"tablet":{"background-color":"var(--ast-global-color-4)","background-image":"","background-repeat":"repeat","background-position":"center center","background-size":"auto","background-attachment":"scroll","background-type":"","background-media":"","overlay-type":"","overlay-color":"","overlay-opacity":"","overlay-gradient":""},"mobile":{"background-color":"var(--ast-global-color-4)","background-image":"","background-repeat":"repeat","background-position":"center center","background-size":"auto","background-attachment":"scroll","background-type":"","background-media":"","overlay-type":"","overlay-color":"","overlay-opacity":"","overlay-gradient":""}},"footnotes":""},"class_list":["post-20","page","type-page","status-publish","hentry"],"uagb_featured_image_src":{"full":false,"thumbnail":false,"medium":false,"medium_large":false,"large":false,"1536x1536":false,"2048x2048":false},"uagb_author_info":{"display_name":"Gonzalo","author_link":"https:\/\/zhitlovsky.org.uy\/index.php\/author\/gonzalo\/"},"uagb_comment_info":0,"uagb_excerpt":null,"_links":{"self":[{"href":"https:\/\/zhitlovsky.org.uy\/index.php\/wp-json\/wp\/v2\/pages\/20","targetHints":{"allow":["GET"]}}],"collection":[{"href":"https:\/\/zhitlovsky.org.uy\/index.php\/wp-json\/wp\/v2\/pages"}],"about":[{"href":"https:\/\/zhitlovsky.org.uy\/index.php\/wp-json\/wp\/v2\/types\/page"}],"author":[{"embeddable":true,"href":"https:\/\/zhitlovsky.org.uy\/index.php\/wp-json\/wp\/v2\/users\/2"}],"replies":[{"embeddable":true,"href":"https:\/\/zhitlovsky.org.uy\/index.php\/wp-json\/wp\/v2\/comments?post=20"}],"version-history":[{"count":64,"href":"https:\/\/zhitlovsky.org.uy\/index.php\/wp-json\/wp\/v2\/pages\/20\/revisions"}],"predecessor-version":[{"id":390,"href":"https:\/\/zhitlovsky.org.uy\/index.php\/wp-json\/wp\/v2\/pages\/20\/revisions\/390"}],"wp:attachment":[{"href":"https:\/\/zhitlovsky.org.uy\/index.php\/wp-json\/wp\/v2\/media?parent=20"}],"curies":[{"name":"wp","href":"https:\/\/api.w.org\/{rel}","templated":true}]}}