{"id":26,"date":"2025-06-19T20:20:59","date_gmt":"2025-06-19T23:20:59","guid":{"rendered":"https:\/\/zhitlovsky.org.uy\/?page_id=26"},"modified":"2025-12-02T19:55:15","modified_gmt":"2025-12-02T22:55:15","slug":"quienes-somos","status":"publish","type":"page","link":"https:\/\/zhitlovsky.org.uy\/index.php\/quienes-somos\/","title":{"rendered":"Qui\u00e9nes somos?"},"content":{"rendered":"\n<div class=\"wp-block-columns is-layout-flex wp-container-core-columns-is-layout-28f84493 wp-block-columns-is-layout-flex\">\n<div class=\"wp-block-column is-layout-flow wp-block-column-is-layout-flow\" style=\"flex-basis:66.66%\">\n<p>La Asociaci\u00f3n Cultural Israelita Dr. Jaime Zhitlovsky representa al Movimiento Jud\u00edo Progresista en el Uruguay, que surgi\u00f3 a principios del siglo pasado. Es la continuaci\u00f3n de instituciones que nacieron entre 1925 y 1926; son antecedentes de esta instituci\u00f3n clubes obreros, instituciones culturales, organizaciones solidarias de ayuda mutua, diarios y publicaciones en Idish. En 1935 estas instituciones desaparecieron y fueron creadas la Asociaci\u00f3n Cultural Israelita del Centro y la Casa de la Cultura Dr. Jaime Zhitlovsky; de la fusi\u00f3n de estas dos, en 1950 naci\u00f3 la instituci\u00f3n con su denominaci\u00f3n actual.<\/p>\n\n\n\n<p>Hace 75 a\u00f1os fue inaugurada nuestra sede actual; a\u00f1os de fecunda y multifac\u00e9tica actividad llevada a cabo a lo largo de su existencia. Y este acontecimiento que celebramos fue sin duda alguna la etapa culminante de un largo proceso de desarrollo institucional del movimiento progresista jud\u00edo uruguayo. Queremos honrar la memoria de quienes tuvieron sobre sus hombros la responsabilidad de llevar a cabo una obra de tal magnitud. Inmigrantes de la Vieja Europa, en su mayor\u00eda de origen azquenazis, tra\u00edan en sus maletas sue\u00f1os y esperanzas de una vida nueva y digna que les fue negada a principios del siglo pasado. En esta bendita tierra uruguaya y, en su pueblo, encontraron las condiciones propicias para iniciar esa vida nueva. En su mayor parte autodidactas, comprend\u00edan que la cultura y la educaci\u00f3n no eran un producto para lucir los domingos, sino que enriquecen al hombre, moldean su esp\u00edritu y lo ayudan a comprender ese universo. Por eso en el nuevo edificio crearon la escuela Idish, laica y progresista de seis grados que formar\u00eda las nuevas generaciones bebiendo en la fuente inagotable de la tradici\u00f3n humanista del pueblo jud\u00edo.<\/p>\n\n\n\n<p>La Segunda Guerra Mundial, con su dantesco saldo de destrucci\u00f3n en vidas y bienes, se ensa\u00f1\u00f3 particularmente con el pueblo jud\u00edo. El nazismo se hab\u00eda propuesto destruir f\u00edsicamente al juda\u00edsmo y aniquilar tambi\u00e9n su acervo cultural.Los sectores populares y progresistas de nuestra colectividad, se compenetraron de la misi\u00f3n que les impon\u00eda el momento hist\u00f3rico. Emerg\u00edan m\u00e1s unidos que nunca despu\u00e9s de haber actuado con abnegaci\u00f3n y sacrificio en las tareas de ayuda a los ej\u00e9rcitos aliados que combatieron y derrotaron al nazismo. Surgi\u00f3 entonces la iniciativa de construir un edificio que pudiese albergar las instituciones existentes, para brindarles la oportunidad de desarrollar en mejores condiciones una intensa actividad deportiva, educacional, social, y art\u00edstica.<\/p>\n\n\n\n<p>El proceso de ascenso social de las nuevas generaciones, la creaci\u00f3n del Estado de Israel, sumado a la relativa facilidad de inserci\u00f3n en la sociedad uruguaya, el largo per\u00edodo de la dictadura que determin\u00f3 el cierre de la instituci\u00f3n e incluso la amenaza de expropiaci\u00f3n, gener\u00f3 un cambio radical en el perfil de la colectividad. Pero aun hoy, recogiendo el legado que nos han dejado los fundadores de nuestra instituci\u00f3n, seguiremos promoviendo contactos con otros movimientos, instituciones, corrientes de opini\u00f3n de diversos or\u00edgenes que nos enriquecen y ampl\u00edan nuestra base social sin perder de vista nuestro accionar progresista.<\/p>\n\n\n\n<p><\/p>\n<\/div>\n\n\n\n<div class=\"wp-block-column is-layout-flow wp-block-column-is-layout-flow\" style=\"flex-basis:33.33%\">\n<figure class=\"wp-block-image size-full\"><img loading=\"lazy\" decoding=\"async\" width=\"1536\" height=\"2048\" src=\"https:\/\/zhitlovsky.org.uy\/wp-content\/uploads\/2025\/06\/Durazno-1476-en-2008.jpg\" alt=\"Palacio Zhitlovsky\" class=\"wp-image-141\" srcset=\"https:\/\/zhitlovsky.org.uy\/wp-content\/uploads\/2025\/06\/Durazno-1476-en-2008.jpg 1536w, https:\/\/zhitlovsky.org.uy\/wp-content\/uploads\/2025\/06\/Durazno-1476-en-2008-225x300.jpg 225w, https:\/\/zhitlovsky.org.uy\/wp-content\/uploads\/2025\/06\/Durazno-1476-en-2008-768x1024.jpg 768w, https:\/\/zhitlovsky.org.uy\/wp-content\/uploads\/2025\/06\/Durazno-1476-en-2008-1152x1536.jpg 1152w\" sizes=\"auto, (max-width: 1536px) 100vw, 1536px\" \/><\/figure>\n\n\n\n<hr class=\"wp-block-separator has-alpha-channel-opacity\"\/>\n\n\n\n<figure class=\"wp-block-image size-large\"><img loading=\"lazy\" decoding=\"async\" width=\"1024\" height=\"294\" src=\"https:\/\/zhitlovsky.org.uy\/wp-content\/uploads\/2025\/06\/playa02-1024x294.jpg\" alt=\"\" class=\"wp-image-118\" srcset=\"https:\/\/zhitlovsky.org.uy\/wp-content\/uploads\/2025\/06\/playa02-1024x294.jpg 1024w, https:\/\/zhitlovsky.org.uy\/wp-content\/uploads\/2025\/06\/playa02-300x86.jpg 300w, https:\/\/zhitlovsky.org.uy\/wp-content\/uploads\/2025\/06\/playa02-768x221.jpg 768w, https:\/\/zhitlovsky.org.uy\/wp-content\/uploads\/2025\/06\/playa02-1536x441.jpg 1536w, https:\/\/zhitlovsky.org.uy\/wp-content\/uploads\/2025\/06\/playa02.jpg 1820w\" sizes=\"auto, (max-width: 1024px) 100vw, 1024px\" \/><\/figure>\n\n\n\n<hr class=\"wp-block-separator has-alpha-channel-opacity\"\/>\n\n\n\n<figure class=\"wp-block-image size-full\"><img loading=\"lazy\" decoding=\"async\" width=\"950\" height=\"678\" src=\"https:\/\/zhitlovsky.org.uy\/wp-content\/uploads\/2025\/06\/encuentro_kdt01-1.jpg\" alt=\"Encuentro\" class=\"wp-image-143\" srcset=\"https:\/\/zhitlovsky.org.uy\/wp-content\/uploads\/2025\/06\/encuentro_kdt01-1.jpg 950w, https:\/\/zhitlovsky.org.uy\/wp-content\/uploads\/2025\/06\/encuentro_kdt01-1-300x214.jpg 300w, https:\/\/zhitlovsky.org.uy\/wp-content\/uploads\/2025\/06\/encuentro_kdt01-1-768x548.jpg 768w\" sizes=\"auto, (max-width: 950px) 100vw, 950px\" \/><\/figure>\n\n\n\n<hr class=\"wp-block-separator has-alpha-channel-opacity\"\/>\n<\/div>\n<\/div>\n\n\n\n<div class=\"wp-block-columns is-layout-flex wp-container-core-columns-is-layout-28f84493 wp-block-columns-is-layout-flex\">\n<div class=\"wp-block-column is-layout-flow wp-block-column-is-layout-flow\" style=\"flex-basis:33.33%\">\n<figure class=\"wp-block-image aligncenter size-full is-resized\"><img loading=\"lazy\" decoding=\"async\" width=\"101\" height=\"150\" src=\"https:\/\/zhitlovsky.org.uy\/wp-content\/uploads\/2025\/06\/zhitlo-2_small.jpg\" alt=\"Dr.Jaime Zhitlovsky\" class=\"wp-image-116\" style=\"width:193px;height:auto\"\/><\/figure>\n<\/div>\n\n\n\n<div class=\"wp-block-column is-layout-flow wp-block-column-is-layout-flow\" style=\"flex-basis:66.66%\">\n<p><strong>Dr. Jaime Zhitlovsky<\/strong><\/p>\n\n\n\n<p>Naci\u00f3 en Rusia en 1865. Su obra comprende adem\u00e1s de una historia de la filosof\u00eda, una asombrosa cantidad de ensayos y art\u00edculos sobre filosof\u00eda, sociolog\u00eda, econom\u00eda, filolog\u00eda, cr\u00edtica literaria, historia, etc.<\/p>\n\n\n\n<p>Fue el primero que introdujo en el campo progresista la consigna de que el idish debe ser el idioma nacional del pueblo jud\u00edo. Cre\u00f3 la base ideol\u00f3gica para una \u00edntegra judeidad secular y nacional. Impulsor de la escuela idish laica. Notable conferencista, falleci\u00f3 en mayo de 1943.<\/p>\n<\/div>\n<\/div>\n","protected":false},"excerpt":{"rendered":"<p>La Asociaci\u00f3n Cultural Israelita Dr. Jaime Zhitlovsky representa al Movimiento Jud\u00edo Progresista en el Uruguay, que surgi\u00f3 a principios del [&hellip;]<\/p>\n","protected":false},"author":2,"featured_media":0,"parent":0,"menu_order":0,"comment_status":"closed","ping_status":"closed","template":"","meta":{"_uag_custom_page_level_css":"","site-sidebar-layout":"default","site-content-layout":"","ast-site-content-layout":"default","site-content-style":"default","site-sidebar-style":"default","ast-global-header-display":"","ast-banner-title-visibility":"","ast-main-header-display":"","ast-hfb-above-header-display":"","ast-hfb-below-header-display":"","ast-hfb-mobile-header-display":"","site-post-title":"","ast-breadcrumbs-content":"","ast-featured-img":"","footer-sml-layout":"","ast-disable-related-posts":"","theme-transparent-header-meta":"default","adv-header-id-meta":"","stick-header-meta":"","header-above-stick-meta":"","header-main-stick-meta":"","header-below-stick-meta":"","astra-migrate-meta-layouts":"set","ast-page-background-enabled":"default","ast-page-background-meta":{"desktop":{"background-color":"var(--ast-global-color-5)","background-image":"","background-repeat":"repeat","background-position":"center center","background-size":"auto","background-attachment":"scroll","background-type":"","background-media":"","overlay-type":"","overlay-color":"","overlay-opacity":"","overlay-gradient":""},"tablet":{"background-color":"","background-image":"","background-repeat":"repeat","background-position":"center center","background-size":"auto","background-attachment":"scroll","background-type":"","background-media":"","overlay-type":"","overlay-color":"","overlay-opacity":"","overlay-gradient":""},"mobile":{"background-color":"","background-image":"","background-repeat":"repeat","background-position":"center center","background-size":"auto","background-attachment":"scroll","background-type":"","background-media":"","overlay-type":"","overlay-color":"","overlay-opacity":"","overlay-gradient":""}},"ast-content-background-meta":{"desktop":{"background-color":"var(--ast-global-color-4)","background-image":"","background-repeat":"repeat","background-position":"center center","background-size":"auto","background-attachment":"scroll","background-type":"","background-media":"","overlay-type":"","overlay-color":"","overlay-opacity":"","overlay-gradient":""},"tablet":{"background-color":"var(--ast-global-color-4)","background-image":"","background-repeat":"repeat","background-position":"center center","background-size":"auto","background-attachment":"scroll","background-type":"","background-media":"","overlay-type":"","overlay-color":"","overlay-opacity":"","overlay-gradient":""},"mobile":{"background-color":"var(--ast-global-color-4)","background-image":"","background-repeat":"repeat","background-position":"center center","background-size":"auto","background-attachment":"scroll","background-type":"","background-media":"","overlay-type":"","overlay-color":"","overlay-opacity":"","overlay-gradient":""}},"footnotes":""},"class_list":["post-26","page","type-page","status-publish","hentry"],"uagb_featured_image_src":{"full":false,"thumbnail":false,"medium":false,"medium_large":false,"large":false,"1536x1536":false,"2048x2048":false},"uagb_author_info":{"display_name":"Gonzalo","author_link":"https:\/\/zhitlovsky.org.uy\/index.php\/author\/gonzalo\/"},"uagb_comment_info":0,"uagb_excerpt":"La Asociaci\u00f3n Cultural Israelita Dr. Jaime Zhitlovsky representa al Movimiento Jud\u00edo Progresista en el Uruguay, que surgi\u00f3 a principios del [&hellip;]","_links":{"self":[{"href":"https:\/\/zhitlovsky.org.uy\/index.php\/wp-json\/wp\/v2\/pages\/26","targetHints":{"allow":["GET"]}}],"collection":[{"href":"https:\/\/zhitlovsky.org.uy\/index.php\/wp-json\/wp\/v2\/pages"}],"about":[{"href":"https:\/\/zhitlovsky.org.uy\/index.php\/wp-json\/wp\/v2\/types\/page"}],"author":[{"embeddable":true,"href":"https:\/\/zhitlovsky.org.uy\/index.php\/wp-json\/wp\/v2\/users\/2"}],"replies":[{"embeddable":true,"href":"https:\/\/zhitlovsky.org.uy\/index.php\/wp-json\/wp\/v2\/comments?post=26"}],"version-history":[{"count":9,"href":"https:\/\/zhitlovsky.org.uy\/index.php\/wp-json\/wp\/v2\/pages\/26\/revisions"}],"predecessor-version":[{"id":395,"href":"https:\/\/zhitlovsky.org.uy\/index.php\/wp-json\/wp\/v2\/pages\/26\/revisions\/395"}],"wp:attachment":[{"href":"https:\/\/zhitlovsky.org.uy\/index.php\/wp-json\/wp\/v2\/media?parent=26"}],"curies":[{"name":"wp","href":"https:\/\/api.w.org\/{rel}","templated":true}]}}